{"id":14351,"date":"2024-01-08T14:46:29","date_gmt":"2024-01-08T13:46:29","guid":{"rendered":"https:\/\/3iexport.com\/?page_id=14351"},"modified":"2024-01-09T15:34:07","modified_gmt":"2024-01-09T14:34:07","slug":"nos-services","status":"publish","type":"page","link":"https:\/\/3iexport.com\/en\/nos-services\/","title":{"rendered":"Our services"},"content":{"rendered":"<div data-elementor-type=\"wp-page\" data-elementor-id=\"14351\" class=\"elementor elementor-14351\">\n\t\t\t\t\t\t\t\t\t<section class=\"elementor-section elementor-top-section elementor-element elementor-element-89043a5 elementor-section-boxed elementor-section-height-default elementor-section-height-default\" data-id=\"89043a5\" data-element_type=\"section\">\n\t\t\t\t\t\t<div class=\"elementor-container elementor-column-gap-default\">\n\t\t\t\t\t<div class=\"elementor-column elementor-col-100 elementor-top-column elementor-element elementor-element-e1bc7b4\" data-id=\"e1bc7b4\" data-element_type=\"column\">\n\t\t\t<div class=\"elementor-widget-wrap elementor-element-populated\">\n\t\t\t\t\t\t\t\t<section class=\"elementor-section elementor-inner-section elementor-element elementor-element-d2fe9db elementor-section-boxed elementor-section-height-default elementor-section-height-default\" data-id=\"d2fe9db\" data-element_type=\"section\">\n\t\t\t\t\t\t<div class=\"elementor-container elementor-column-gap-default\">\n\t\t\t\t\t<div class=\"elementor-column elementor-col-33 elementor-inner-column elementor-element elementor-element-d636256 elementor-hidden-phone\" data-id=\"d636256\" data-element_type=\"column\">\n\t\t\t<div class=\"elementor-widget-wrap\">\n\t\t\t\t\t\t\t\t\t<\/div>\n\t\t<\/div>\n\t\t\t\t<div class=\"elementor-column elementor-col-33 elementor-inner-column elementor-element elementor-element-74b398e\" data-id=\"74b398e\" data-element_type=\"column\">\n\t\t\t<div class=\"elementor-widget-wrap elementor-element-populated\">\n\t\t\t\t\t\t\t\t<div class=\"elementor-element elementor-element-83009a4 elementor-widget elementor-widget-rs-heading\" data-id=\"83009a4\" data-element_type=\"widget\" data-widget_type=\"rs-heading.default\">\n\t\t\t\t<div class=\"elementor-widget-container\">\n\t\t\t        <div class=\"rs-heading default center\">\r\n        \t<div class=\"title-inner\">\r\n        \t\t      \t\t\r\n\t            <h2 class=\"title\"><span class=\"watermark\"><\/span> Our services\n<\/h2>\t        <\/div>\r\n\t                <\/div>\r\n\r\n        \t\t<\/div>\n\t\t\t\t<\/div>\n\t\t\t\t\t<\/div>\n\t\t<\/div>\n\t\t\t\t<div class=\"elementor-column elementor-col-33 elementor-inner-column elementor-element elementor-element-d529684 elementor-hidden-phone\" data-id=\"d529684\" data-element_type=\"column\">\n\t\t\t<div class=\"elementor-widget-wrap\">\n\t\t\t\t\t\t\t\t\t<\/div>\n\t\t<\/div>\n\t\t\t\t\t\t\t<\/div>\n\t\t<\/section>\n\t\t\t\t\t<\/div>\n\t\t<\/div>\n\t\t\t\t\t\t\t<\/div>\n\t\t<\/section>\n\t\t\t\t<section class=\"elementor-section elementor-top-section elementor-element elementor-element-55eb6328 elementor-section-full_width elementor-section-content-middle elementor-section-height-default elementor-section-height-default\" data-id=\"55eb6328\" data-element_type=\"section\">\n\t\t\t\t\t\t<div class=\"elementor-container elementor-column-gap-wide\">\n\t\t\t\t\t<div class=\"elementor-column elementor-col-50 elementor-top-column elementor-element elementor-element-5a400f57 animated-slow elementor-invisible\" data-id=\"5a400f57\" data-element_type=\"column\" data-settings=\"{&quot;animation&quot;:&quot;fadeInUp&quot;,&quot;animation_delay&quot;:500}\">\n\t\t\t<div class=\"elementor-widget-wrap elementor-element-populated\">\n\t\t\t\t\t\t\t\t<div class=\"elementor-element elementor-element-7e7d3615 elementor-widget elementor-widget-image\" data-id=\"7e7d3615\" data-element_type=\"widget\" data-widget_type=\"image.default\">\n\t\t\t\t<div class=\"elementor-widget-container\">\n\t\t\t<style>\/*! elementor - v3.18.0 - 20-12-2023 *\/\n.elementor-widget-image{text-align:center}.elementor-widget-image a{display:inline-block}.elementor-widget-image a img[src$=\".svg\"]{width:48px}.elementor-widget-image img{vertical-align:middle;display:inline-block}<\/style>\t\t\t\t\t\t\t\t\t\t\t\t<img fetchpriority=\"high\" decoding=\"async\" width=\"640\" height=\"427\" src=\"https:\/\/3iexport.com\/wp-content\/uploads\/2024\/01\/Service-Commercial-2-1024x683.png\" class=\"attachment-large size-large wp-image-14354\" alt=\"\" srcset=\"https:\/\/3iexport.com\/wp-content\/uploads\/2024\/01\/Service-Commercial-2-1024x683.png 1024w, https:\/\/3iexport.com\/wp-content\/uploads\/2024\/01\/Service-Commercial-2-300x200.png 300w, https:\/\/3iexport.com\/wp-content\/uploads\/2024\/01\/Service-Commercial-2-768x512.png 768w, https:\/\/3iexport.com\/wp-content\/uploads\/2024\/01\/Service-Commercial-2-1536x1024.png 1536w, https:\/\/3iexport.com\/wp-content\/uploads\/2024\/01\/Service-Commercial-2-2048x1365.png 2048w, https:\/\/3iexport.com\/wp-content\/uploads\/2024\/01\/Service-Commercial-2-18x12.png 18w, https:\/\/3iexport.com\/wp-content\/uploads\/2024\/01\/Service-Commercial-2-365x243.png 365w, https:\/\/3iexport.com\/wp-content\/uploads\/2024\/01\/Service-Commercial-2-600x400.png 600w\" sizes=\"(max-width: 640px) 100vw, 640px\" \/>\t\t\t\t\t\t\t\t\t\t\t\t\t\t\t<\/div>\n\t\t\t\t<\/div>\n\t\t\t\t<section class=\"elementor-section elementor-inner-section elementor-element elementor-element-322394ea elementor-section-boxed elementor-section-height-default elementor-section-height-default\" data-id=\"322394ea\" data-element_type=\"section\">\n\t\t\t\t\t\t<div class=\"elementor-container elementor-column-gap-default\">\n\t\t\t\t\t<div class=\"elementor-column elementor-col-33 elementor-inner-column elementor-element elementor-element-165e530 elementor-hidden-tablet\" data-id=\"165e530\" data-element_type=\"column\">\n\t\t\t<div class=\"elementor-widget-wrap\">\n\t\t\t\t\t\t\t\t\t<\/div>\n\t\t<\/div>\n\t\t\t\t<div class=\"elementor-column elementor-col-33 elementor-inner-column elementor-element elementor-element-426b0c86 box-shadow\" data-id=\"426b0c86\" data-element_type=\"column\" data-settings=\"{&quot;background_background&quot;:&quot;classic&quot;}\">\n\t\t\t<div class=\"elementor-widget-wrap elementor-element-populated\">\n\t\t\t\t\t\t\t\t<div class=\"elementor-element elementor-element-28dd5e83 elementor-widget elementor-widget-heading\" data-id=\"28dd5e83\" data-element_type=\"widget\" data-widget_type=\"heading.default\">\n\t\t\t\t<div class=\"elementor-widget-container\">\n\t\t\t<style>\/*! elementor - v3.18.0 - 20-12-2023 *\/\n.elementor-heading-title{padding:0;margin:0;line-height:1}.elementor-widget-heading .elementor-heading-title[class*=elementor-size-]>a{color:inherit;font-size:inherit;line-height:inherit}.elementor-widget-heading .elementor-heading-title.elementor-size-small{font-size:15px}.elementor-widget-heading .elementor-heading-title.elementor-size-medium{font-size:19px}.elementor-widget-heading .elementor-heading-title.elementor-size-large{font-size:29px}.elementor-widget-heading .elementor-heading-title.elementor-size-xl{font-size:39px}.elementor-widget-heading .elementor-heading-title.elementor-size-xxl{font-size:59px}<\/style><h3 class=\"elementor-heading-title elementor-size-default\">Logistics service<\/h3>\t\t<\/div>\n\t\t\t\t<\/div>\n\t\t\t\t\t<\/div>\n\t\t<\/div>\n\t\t\t\t<div class=\"elementor-column elementor-col-33 elementor-inner-column elementor-element elementor-element-26530286 elementor-hidden-tablet\" data-id=\"26530286\" data-element_type=\"column\" data-settings=\"{&quot;background_background&quot;:&quot;classic&quot;}\">\n\t\t\t<div class=\"elementor-widget-wrap\">\n\t\t\t\t\t\t\t\t\t<\/div>\n\t\t<\/div>\n\t\t\t\t\t\t\t<\/div>\n\t\t<\/section>\n\t\t\t\t\t<\/div>\n\t\t<\/div>\n\t\t\t\t<div class=\"elementor-column elementor-col-50 elementor-top-column elementor-element elementor-element-34646e5c\" data-id=\"34646e5c\" data-element_type=\"column\">\n\t\t\t<div class=\"elementor-widget-wrap elementor-element-populated\">\n\t\t\t\t\t\t\t\t<div class=\"elementor-element elementor-element-12a0e6a1 elementor-widget elementor-widget-rs-heading\" data-id=\"12a0e6a1\" data-element_type=\"widget\" data-widget_type=\"rs-heading.default\">\n\t\t\t\t<div class=\"elementor-widget-container\">\n\t\t\t        <div class=\"rs-heading default\">\r\n        \t<div class=\"title-inner\">\r\n        \t\t      \t\t\r\n\t            <h2 class=\"title\"><span class=\"watermark\"><\/span>Your shipments in good hands.\n<\/h2>\t        <\/div>\r\n\t                    \t<div class=\"description\">\r\n            \t\t<p>Our port experts ensure that your products are monitored from the moment they arrive until they are loaded on board, guaranteeing total security and smooth management of your shipments.<\/p>            \t\t\r\n            \t<\/div>\r\n        \t        <\/div>\r\n\r\n        \t\t<\/div>\n\t\t\t\t<\/div>\n\t\t\t\t\t<\/div>\n\t\t<\/div>\n\t\t\t\t\t\t\t<\/div>\n\t\t<\/section>\n\t\t\t\t<section class=\"elementor-section elementor-top-section elementor-element elementor-element-8fd41a3 elementor-section-full_width elementor-section-content-middle elementor-section-height-default elementor-section-height-default\" data-id=\"8fd41a3\" data-element_type=\"section\">\n\t\t\t\t\t\t<div class=\"elementor-container elementor-column-gap-wide\">\n\t\t\t\t\t<div class=\"elementor-column elementor-col-50 elementor-top-column elementor-element elementor-element-07ae576\" data-id=\"07ae576\" data-element_type=\"column\">\n\t\t\t<div class=\"elementor-widget-wrap elementor-element-populated\">\n\t\t\t\t\t\t\t\t<div class=\"elementor-element elementor-element-6d89a05 elementor-widget elementor-widget-rs-heading\" data-id=\"6d89a05\" data-element_type=\"widget\" data-widget_type=\"rs-heading.default\">\n\t\t\t\t<div class=\"elementor-widget-container\">\n\t\t\t        <div class=\"rs-heading default\">\r\n        \t<div class=\"title-inner\">\r\n        \t\t      \t\t\r\n\t            <h2 class=\"title\"><span class=\"watermark\"><\/span>We Provide You with the Best Products at the Best Value.<\/h2>\t        <\/div>\r\n\t                    \t<div class=\"description\">\r\n            \t\t<p>Our expertise in international trade and our commitment to the African market have enabled 3iexport to successfully develop its export and trading strategies. This expertise has led to the trust of many customers, paving the way for stable and lasting partnerships based on mutually beneficial\nexchange.<\/p>            \t\t\r\n            \t<\/div>\r\n        \t        <\/div>\r\n\r\n        \t\t<\/div>\n\t\t\t\t<\/div>\n\t\t\t\t\t<\/div>\n\t\t<\/div>\n\t\t\t\t<div class=\"elementor-column elementor-col-50 elementor-top-column elementor-element elementor-element-d97cdcb animated-slow elementor-invisible\" data-id=\"d97cdcb\" data-element_type=\"column\" data-settings=\"{&quot;animation&quot;:&quot;fadeInUp&quot;,&quot;animation_delay&quot;:500}\">\n\t\t\t<div class=\"elementor-widget-wrap elementor-element-populated\">\n\t\t\t\t\t\t\t\t<div class=\"elementor-element elementor-element-ee0d077 elementor-widget elementor-widget-image\" data-id=\"ee0d077\" data-element_type=\"widget\" data-widget_type=\"image.default\">\n\t\t\t\t<div class=\"elementor-widget-container\">\n\t\t\t\t\t\t\t\t\t\t\t\t\t\t\t<img decoding=\"async\" width=\"640\" height=\"427\" src=\"https:\/\/3iexport.com\/wp-content\/uploads\/2024\/01\/Service-Commercial-22-1024x683.png\" class=\"attachment-large size-large wp-image-14355\" alt=\"\" srcset=\"https:\/\/3iexport.com\/wp-content\/uploads\/2024\/01\/Service-Commercial-22-1024x683.png 1024w, https:\/\/3iexport.com\/wp-content\/uploads\/2024\/01\/Service-Commercial-22-300x200.png 300w, https:\/\/3iexport.com\/wp-content\/uploads\/2024\/01\/Service-Commercial-22-768x512.png 768w, https:\/\/3iexport.com\/wp-content\/uploads\/2024\/01\/Service-Commercial-22-1536x1024.png 1536w, https:\/\/3iexport.com\/wp-content\/uploads\/2024\/01\/Service-Commercial-22-2048x1365.png 2048w, https:\/\/3iexport.com\/wp-content\/uploads\/2024\/01\/Service-Commercial-22-18x12.png 18w, https:\/\/3iexport.com\/wp-content\/uploads\/2024\/01\/Service-Commercial-22-365x243.png 365w, https:\/\/3iexport.com\/wp-content\/uploads\/2024\/01\/Service-Commercial-22-600x400.png 600w\" sizes=\"(max-width: 640px) 100vw, 640px\" \/>\t\t\t\t\t\t\t\t\t\t\t\t\t\t\t<\/div>\n\t\t\t\t<\/div>\n\t\t\t\t<section class=\"elementor-section elementor-inner-section elementor-element elementor-element-a645372 elementor-section-boxed elementor-section-height-default elementor-section-height-default\" data-id=\"a645372\" data-element_type=\"section\">\n\t\t\t\t\t\t<div class=\"elementor-container elementor-column-gap-default\">\n\t\t\t\t\t<div class=\"elementor-column elementor-col-33 elementor-inner-column elementor-element elementor-element-3f44f8e elementor-hidden-tablet\" data-id=\"3f44f8e\" data-element_type=\"column\">\n\t\t\t<div class=\"elementor-widget-wrap\">\n\t\t\t\t\t\t\t\t\t<\/div>\n\t\t<\/div>\n\t\t\t\t<div class=\"elementor-column elementor-col-33 elementor-inner-column elementor-element elementor-element-3375d75 box-shadow\" data-id=\"3375d75\" data-element_type=\"column\" data-settings=\"{&quot;background_background&quot;:&quot;classic&quot;}\">\n\t\t\t<div class=\"elementor-widget-wrap elementor-element-populated\">\n\t\t\t\t\t\t\t\t<div class=\"elementor-element elementor-element-2aadc04 elementor-widget elementor-widget-heading\" data-id=\"2aadc04\" data-element_type=\"widget\" data-widget_type=\"heading.default\">\n\t\t\t\t<div class=\"elementor-widget-container\">\n\t\t\t<h3 class=\"elementor-heading-title elementor-size-default\">Sales Service <\/h3>\t\t<\/div>\n\t\t\t\t<\/div>\n\t\t\t\t\t<\/div>\n\t\t<\/div>\n\t\t\t\t<div class=\"elementor-column elementor-col-33 elementor-inner-column elementor-element elementor-element-43c2a73 elementor-hidden-tablet\" data-id=\"43c2a73\" data-element_type=\"column\" data-settings=\"{&quot;background_background&quot;:&quot;classic&quot;}\">\n\t\t\t<div class=\"elementor-widget-wrap\">\n\t\t\t\t\t\t\t\t\t<\/div>\n\t\t<\/div>\n\t\t\t\t\t\t\t<\/div>\n\t\t<\/section>\n\t\t\t\t\t<\/div>\n\t\t<\/div>\n\t\t\t\t\t\t\t<\/div>\n\t\t<\/section>\n\t\t\t\t<section class=\"elementor-section elementor-top-section elementor-element elementor-element-e3a977a elementor-section-full_width elementor-section-content-middle elementor-section-height-default elementor-section-height-default\" data-id=\"e3a977a\" data-element_type=\"section\">\n\t\t\t\t\t\t<div class=\"elementor-container elementor-column-gap-wide\">\n\t\t\t\t\t<div class=\"elementor-column elementor-col-50 elementor-top-column elementor-element elementor-element-28bff45 animated-slow elementor-invisible\" data-id=\"28bff45\" data-element_type=\"column\" data-settings=\"{&quot;animation&quot;:&quot;fadeInUp&quot;,&quot;animation_delay&quot;:500}\">\n\t\t\t<div class=\"elementor-widget-wrap elementor-element-populated\">\n\t\t\t\t\t\t\t\t<div class=\"elementor-element elementor-element-bbab24e elementor-widget elementor-widget-image\" data-id=\"bbab24e\" data-element_type=\"widget\" data-widget_type=\"image.default\">\n\t\t\t\t<div class=\"elementor-widget-container\">\n\t\t\t\t\t\t\t\t\t\t\t\t\t\t\t<img decoding=\"async\" width=\"640\" height=\"427\" src=\"https:\/\/3iexport.com\/wp-content\/uploads\/2024\/01\/Service-Commercial-23-1024x683.png\" class=\"attachment-large size-large wp-image-14356\" alt=\"\" srcset=\"https:\/\/3iexport.com\/wp-content\/uploads\/2024\/01\/Service-Commercial-23-1024x683.png 1024w, https:\/\/3iexport.com\/wp-content\/uploads\/2024\/01\/Service-Commercial-23-300x200.png 300w, https:\/\/3iexport.com\/wp-content\/uploads\/2024\/01\/Service-Commercial-23-768x512.png 768w, https:\/\/3iexport.com\/wp-content\/uploads\/2024\/01\/Service-Commercial-23-1536x1024.png 1536w, https:\/\/3iexport.com\/wp-content\/uploads\/2024\/01\/Service-Commercial-23-2048x1365.png 2048w, https:\/\/3iexport.com\/wp-content\/uploads\/2024\/01\/Service-Commercial-23-18x12.png 18w, https:\/\/3iexport.com\/wp-content\/uploads\/2024\/01\/Service-Commercial-23-365x243.png 365w, https:\/\/3iexport.com\/wp-content\/uploads\/2024\/01\/Service-Commercial-23-600x400.png 600w\" sizes=\"(max-width: 640px) 100vw, 640px\" \/>\t\t\t\t\t\t\t\t\t\t\t\t\t\t\t<\/div>\n\t\t\t\t<\/div>\n\t\t\t\t<section class=\"elementor-section elementor-inner-section elementor-element elementor-element-6571b3e elementor-section-boxed elementor-section-height-default elementor-section-height-default\" data-id=\"6571b3e\" data-element_type=\"section\">\n\t\t\t\t\t\t<div class=\"elementor-container elementor-column-gap-default\">\n\t\t\t\t\t<div class=\"elementor-column elementor-col-33 elementor-inner-column elementor-element elementor-element-dad8b80 elementor-hidden-tablet\" data-id=\"dad8b80\" data-element_type=\"column\">\n\t\t\t<div class=\"elementor-widget-wrap\">\n\t\t\t\t\t\t\t\t\t<\/div>\n\t\t<\/div>\n\t\t\t\t<div class=\"elementor-column elementor-col-33 elementor-inner-column elementor-element elementor-element-a717e83 box-shadow\" data-id=\"a717e83\" data-element_type=\"column\" data-settings=\"{&quot;background_background&quot;:&quot;classic&quot;}\">\n\t\t\t<div class=\"elementor-widget-wrap elementor-element-populated\">\n\t\t\t\t\t\t\t\t<div class=\"elementor-element elementor-element-472f527 elementor-widget elementor-widget-heading\" data-id=\"472f527\" data-element_type=\"widget\" data-widget_type=\"heading.default\">\n\t\t\t\t<div class=\"elementor-widget-container\">\n\t\t\t<h3 class=\"elementor-heading-title elementor-size-default\">Transit &amp; Transport Service <\/h3>\t\t<\/div>\n\t\t\t\t<\/div>\n\t\t\t\t\t<\/div>\n\t\t<\/div>\n\t\t\t\t<div class=\"elementor-column elementor-col-33 elementor-inner-column elementor-element elementor-element-ff160c4 elementor-hidden-tablet\" data-id=\"ff160c4\" data-element_type=\"column\" data-settings=\"{&quot;background_background&quot;:&quot;classic&quot;}\">\n\t\t\t<div class=\"elementor-widget-wrap\">\n\t\t\t\t\t\t\t\t\t<\/div>\n\t\t<\/div>\n\t\t\t\t\t\t\t<\/div>\n\t\t<\/section>\n\t\t\t\t\t<\/div>\n\t\t<\/div>\n\t\t\t\t<div class=\"elementor-column elementor-col-50 elementor-top-column elementor-element elementor-element-4be5d25\" data-id=\"4be5d25\" data-element_type=\"column\">\n\t\t\t<div class=\"elementor-widget-wrap elementor-element-populated\">\n\t\t\t\t\t\t\t\t<div class=\"elementor-element elementor-element-ea74feb elementor-widget elementor-widget-rs-heading\" data-id=\"ea74feb\" data-element_type=\"widget\" data-widget_type=\"rs-heading.default\">\n\t\t\t\t<div class=\"elementor-widget-container\">\n\t\t\t        <div class=\"rs-heading default\">\r\n        \t<div class=\"title-inner\">\r\n        \t\t      \t\t\r\n\t            <h2 class=\"title\"><span class=\"watermark\"><\/span>Ensuring the perfect delivery of your products.\n<\/h2>\t        <\/div>\r\n\t                    \t<div class=\"description\">\r\n            \t\t<p>Our team ensures the ideal routing of your products, accurately selecting the optimum mode of transport (sea, air, land) for secure delivery and complying with\nadministrative aspects.<\/p>            \t\t\r\n            \t<\/div>\r\n        \t        <\/div>\r\n\r\n        \t\t<\/div>\n\t\t\t\t<\/div>\n\t\t\t\t\t<\/div>\n\t\t<\/div>\n\t\t\t\t\t\t\t<\/div>\n\t\t<\/section>\n\t\t\t\t<section class=\"elementor-section elementor-top-section elementor-element elementor-element-f997d54 elementor-section-full_width elementor-section-content-middle elementor-section-height-default elementor-section-height-default\" data-id=\"f997d54\" data-element_type=\"section\">\n\t\t\t\t\t\t<div class=\"elementor-container elementor-column-gap-wide\">\n\t\t\t\t\t<div class=\"elementor-column elementor-col-50 elementor-top-column elementor-element elementor-element-d6872b2\" data-id=\"d6872b2\" data-element_type=\"column\">\n\t\t\t<div class=\"elementor-widget-wrap elementor-element-populated\">\n\t\t\t\t\t\t\t\t<div class=\"elementor-element elementor-element-8e48134 elementor-widget elementor-widget-rs-heading\" data-id=\"8e48134\" data-element_type=\"widget\" data-widget_type=\"rs-heading.default\">\n\t\t\t\t<div class=\"elementor-widget-container\">\n\t\t\t        <div class=\"rs-heading default\">\r\n        \t<div class=\"title-inner\">\r\n        \t\t      \t\t\r\n\t            <h2 class=\"title\"><span class=\"watermark\"><\/span>Customised Marketing Strategies for Every Market.\n<\/h2>\t        <\/div>\r\n\t                    \t<div class=\"description\">\r\n            \t\t<p>Adapted to local conditions, our strategies maximise your global impact by taking into account country risk, local regulations and distribution channels.<\/p>            \t\t\r\n            \t<\/div>\r\n        \t        <\/div>\r\n\r\n        \t\t<\/div>\n\t\t\t\t<\/div>\n\t\t\t\t\t<\/div>\n\t\t<\/div>\n\t\t\t\t<div class=\"elementor-column elementor-col-50 elementor-top-column elementor-element elementor-element-e183a43 animated-slow elementor-invisible\" data-id=\"e183a43\" data-element_type=\"column\" data-settings=\"{&quot;animation&quot;:&quot;fadeInUp&quot;,&quot;animation_delay&quot;:500}\">\n\t\t\t<div class=\"elementor-widget-wrap elementor-element-populated\">\n\t\t\t\t\t\t\t\t<div class=\"elementor-element elementor-element-cc00f69 elementor-widget elementor-widget-image\" data-id=\"cc00f69\" data-element_type=\"widget\" data-widget_type=\"image.default\">\n\t\t\t\t<div class=\"elementor-widget-container\">\n\t\t\t\t\t\t\t\t\t\t\t\t\t\t\t<img loading=\"lazy\" decoding=\"async\" width=\"640\" height=\"427\" src=\"https:\/\/3iexport.com\/wp-content\/uploads\/2024\/01\/Service-Commercial-24-1-1024x683.png\" class=\"attachment-large size-large wp-image-14359\" alt=\"\" srcset=\"https:\/\/3iexport.com\/wp-content\/uploads\/2024\/01\/Service-Commercial-24-1-1024x683.png 1024w, https:\/\/3iexport.com\/wp-content\/uploads\/2024\/01\/Service-Commercial-24-1-300x200.png 300w, https:\/\/3iexport.com\/wp-content\/uploads\/2024\/01\/Service-Commercial-24-1-768x512.png 768w, https:\/\/3iexport.com\/wp-content\/uploads\/2024\/01\/Service-Commercial-24-1-1536x1024.png 1536w, https:\/\/3iexport.com\/wp-content\/uploads\/2024\/01\/Service-Commercial-24-1-2048x1365.png 2048w, https:\/\/3iexport.com\/wp-content\/uploads\/2024\/01\/Service-Commercial-24-1-18x12.png 18w, https:\/\/3iexport.com\/wp-content\/uploads\/2024\/01\/Service-Commercial-24-1-365x243.png 365w, https:\/\/3iexport.com\/wp-content\/uploads\/2024\/01\/Service-Commercial-24-1-600x400.png 600w\" sizes=\"(max-width: 640px) 100vw, 640px\" \/>\t\t\t\t\t\t\t\t\t\t\t\t\t\t\t<\/div>\n\t\t\t\t<\/div>\n\t\t\t\t<section class=\"elementor-section elementor-inner-section elementor-element elementor-element-c32685d elementor-section-boxed elementor-section-height-default elementor-section-height-default\" data-id=\"c32685d\" data-element_type=\"section\">\n\t\t\t\t\t\t<div class=\"elementor-container elementor-column-gap-default\">\n\t\t\t\t\t<div class=\"elementor-column elementor-col-33 elementor-inner-column elementor-element elementor-element-0bf7140 elementor-hidden-tablet\" data-id=\"0bf7140\" data-element_type=\"column\">\n\t\t\t<div class=\"elementor-widget-wrap\">\n\t\t\t\t\t\t\t\t\t<\/div>\n\t\t<\/div>\n\t\t\t\t<div class=\"elementor-column elementor-col-33 elementor-inner-column elementor-element elementor-element-3dc299e box-shadow\" data-id=\"3dc299e\" data-element_type=\"column\" data-settings=\"{&quot;background_background&quot;:&quot;classic&quot;}\">\n\t\t\t<div class=\"elementor-widget-wrap elementor-element-populated\">\n\t\t\t\t\t\t\t\t<div class=\"elementor-element elementor-element-4bb434f elementor-widget elementor-widget-heading\" data-id=\"4bb434f\" data-element_type=\"widget\" data-widget_type=\"heading.default\">\n\t\t\t\t<div class=\"elementor-widget-container\">\n\t\t\t<h3 class=\"elementor-heading-title elementor-size-default\">International Marketing Service <\/h3>\t\t<\/div>\n\t\t\t\t<\/div>\n\t\t\t\t\t<\/div>\n\t\t<\/div>\n\t\t\t\t<div class=\"elementor-column elementor-col-33 elementor-inner-column elementor-element elementor-element-6f532c7 elementor-hidden-tablet\" data-id=\"6f532c7\" data-element_type=\"column\" data-settings=\"{&quot;background_background&quot;:&quot;classic&quot;}\">\n\t\t\t<div class=\"elementor-widget-wrap\">\n\t\t\t\t\t\t\t\t\t<\/div>\n\t\t<\/div>\n\t\t\t\t\t\t\t<\/div>\n\t\t<\/section>\n\t\t\t\t\t<\/div>\n\t\t<\/div>\n\t\t\t\t\t\t\t<\/div>\n\t\t<\/section>\n\t\t\t\t\t\t\t<\/div>","protected":false},"excerpt":{"rendered":"<p>Nos Services Service logistique Vos Exp\u00e9ditions entre de Bonnes Mains. Nos experts portuaires assurent la surveillance de vos marchandises d\u00e8s leur arriv\u00e9e, jusqu&#8217;\u00e0 leur chargement \u00e0 bord, garantissant ainsi une s\u00e9curit\u00e9 totale et une gestion fluide de vos exp\u00e9ditions. Nous Mettons \u00e0 Votre Disposition les Meilleurs Produits au Meilleur Rapport Qualit\u00e9-Prix. Notre expertise en commerce&#8230;<\/p>","protected":false},"author":2,"featured_media":0,"parent":0,"menu_order":0,"comment_status":"closed","ping_status":"closed","template":"","meta":{"footnotes":""},"class_list":["post-14351","page","type-page","status-publish","hentry"],"_links":{"self":[{"href":"https:\/\/3iexport.com\/en\/wp-json\/wp\/v2\/pages\/14351","targetHints":{"allow":["GET"]}}],"collection":[{"href":"https:\/\/3iexport.com\/en\/wp-json\/wp\/v2\/pages"}],"about":[{"href":"https:\/\/3iexport.com\/en\/wp-json\/wp\/v2\/types\/page"}],"author":[{"embeddable":true,"href":"https:\/\/3iexport.com\/en\/wp-json\/wp\/v2\/users\/2"}],"replies":[{"embeddable":true,"href":"https:\/\/3iexport.com\/en\/wp-json\/wp\/v2\/comments?post=14351"}],"version-history":[{"count":28,"href":"https:\/\/3iexport.com\/en\/wp-json\/wp\/v2\/pages\/14351\/revisions"}],"predecessor-version":[{"id":14435,"href":"https:\/\/3iexport.com\/en\/wp-json\/wp\/v2\/pages\/14351\/revisions\/14435"}],"wp:attachment":[{"href":"https:\/\/3iexport.com\/en\/wp-json\/wp\/v2\/media?parent=14351"}],"curies":[{"name":"wp","href":"https:\/\/api.w.org\/{rel}","templated":true}]}}