{"id":13888,"date":"2023-12-29T15:02:49","date_gmt":"2023-12-29T14:02:49","guid":{"rendered":"https:\/\/3iexport.com\/?page_id=13888"},"modified":"2024-03-14T16:39:44","modified_gmt":"2024-03-14T15:39:44","slug":"a-propos-de-nous","status":"publish","type":"page","link":"https:\/\/3iexport.com\/en\/a-propos-de-nous\/","title":{"rendered":"A PROPOS DE NOUS"},"content":{"rendered":"<div data-elementor-type=\"wp-page\" data-elementor-id=\"13888\" class=\"elementor elementor-13888\">\n\t\t\t\t\t\t\t\t\t<section class=\"elementor-section elementor-top-section elementor-element elementor-element-da5e79e elementor-section-stretched elementor-section-content-middle elementor-section-boxed elementor-section-height-default elementor-section-height-default\" data-id=\"da5e79e\" data-element_type=\"section\" data-settings=\"{&quot;stretch_section&quot;:&quot;section-stretched&quot;,&quot;background_background&quot;:&quot;classic&quot;}\">\n\t\t\t\t\t\t<div class=\"elementor-container elementor-column-gap-default\">\n\t\t\t\t\t<div class=\"elementor-column elementor-col-50 elementor-top-column elementor-element elementor-element-40bae14 animated-slow\" data-id=\"40bae14\" data-element_type=\"column\" data-settings=\"{&quot;animation&quot;:&quot;none&quot;,&quot;animation_delay&quot;:1000}\">\n\t\t\t<div class=\"elementor-widget-wrap elementor-element-populated\">\n\t\t\t\t\t\t\t\t<div class=\"elementor-element elementor-element-fa6a74c elementor-widget elementor-widget-rs-dual-heading\" data-id=\"fa6a74c\" data-element_type=\"widget\" data-widget_type=\"rs-dual-heading.default\">\n\t\t\t\t<div class=\"elementor-widget-container\">\n\t\t\t        <div class=\"rs-dual-heading default left\">\r\n        \t<div class=\"title-inner\">\r\n        \t\t      \t\t\r\n\t            <h2 class=\"title\"><span class=\"first_title\"> 3I EXPORT<\/span><\/h2>\t        <\/div>\r\n\t                    \t<div class=\"description\"><p>Une entreprise , d\u00e9di\u00e9e \u00e0 l'exportation de produits de premi\u00e8re qualit\u00e9. Avec une expertise pointue. Notre r\u00e9putation in\u00e9gal\u00e9e r\u00e9sulte de notre engagement absolu envers l'excellence. En maintenant des normes \u00e9lev\u00e9es et en entretenant des partenariats solides, nous garantissons la satisfaction de nos clients \u00e0 travers de nombreux pays. Chez 3I Export, la fiabilit\u00e9, la performance exceptionnelle et la valeur ajout\u00e9e sont au c\u0153ur de notre identit\u00e9. Notre objectif est de consolider notre position en tant que leader incontest\u00e9 du commerce international.<\/p>            \t\t\r\n            \t<\/div>\r\n        \t        <\/div>\r\n        \t\t<\/div>\n\t\t\t\t<\/div>\n\t\t\t\t\t<\/div>\n\t\t<\/div>\n\t\t\t\t<div class=\"elementor-column elementor-col-50 elementor-top-column elementor-element elementor-element-e48e4f0\" data-id=\"e48e4f0\" data-element_type=\"column\">\n\t\t\t<div class=\"elementor-widget-wrap elementor-element-populated\">\n\t\t\t\t\t\t\t\t<div class=\"elementor-element elementor-element-0dba190 elementor-widget elementor-widget-image\" data-id=\"0dba190\" data-element_type=\"widget\" data-widget_type=\"image.default\">\n\t\t\t\t<div class=\"elementor-widget-container\">\n\t\t\t<style>\/*! elementor - v3.18.0 - 20-12-2023 *\/\n.elementor-widget-image{text-align:center}.elementor-widget-image a{display:inline-block}.elementor-widget-image a img[src$=\".svg\"]{width:48px}.elementor-widget-image img{vertical-align:middle;display:inline-block}<\/style>\t\t\t\t\t\t\t\t\t\t\t\t<img fetchpriority=\"high\" decoding=\"async\" width=\"1600\" height=\"953\" src=\"https:\/\/3iexport.com\/wp-content\/uploads\/2024\/01\/photo-a-propos-de-nous-3i-Export.jpeg\" class=\"attachment-full size-full wp-image-14316\" alt=\"\" srcset=\"https:\/\/3iexport.com\/wp-content\/uploads\/2024\/01\/photo-a-propos-de-nous-3i-Export.jpeg 1600w, https:\/\/3iexport.com\/wp-content\/uploads\/2024\/01\/photo-a-propos-de-nous-3i-Export-300x179.jpeg 300w, https:\/\/3iexport.com\/wp-content\/uploads\/2024\/01\/photo-a-propos-de-nous-3i-Export-1024x610.jpeg 1024w, https:\/\/3iexport.com\/wp-content\/uploads\/2024\/01\/photo-a-propos-de-nous-3i-Export-768x457.jpeg 768w, https:\/\/3iexport.com\/wp-content\/uploads\/2024\/01\/photo-a-propos-de-nous-3i-Export-1536x915.jpeg 1536w, https:\/\/3iexport.com\/wp-content\/uploads\/2024\/01\/photo-a-propos-de-nous-3i-Export-18x12.jpeg 18w, https:\/\/3iexport.com\/wp-content\/uploads\/2024\/01\/photo-a-propos-de-nous-3i-Export-600x357.jpeg 600w\" sizes=\"(max-width: 1600px) 100vw, 1600px\" \/>\t\t\t\t\t\t\t\t\t\t\t\t\t\t\t<\/div>\n\t\t\t\t<\/div>\n\t\t\t\t\t<\/div>\n\t\t<\/div>\n\t\t\t\t\t\t\t<\/div>\n\t\t<\/section>\n\t\t<div class=\"elementor-element elementor-element-26c31f8 e-flex e-con-boxed e-con e-parent\" data-id=\"26c31f8\" data-element_type=\"container\" data-settings=\"{&quot;content_width&quot;:&quot;boxed&quot;}\" data-core-v316-plus=\"true\">\n\t\t\t\t\t<div class=\"e-con-inner\">\n\t\t\t\t<div class=\"elementor-element elementor-element-3fb654f elementor-widget elementor-widget-spacer\" data-id=\"3fb654f\" data-element_type=\"widget\" data-widget_type=\"spacer.default\">\n\t\t\t\t<div class=\"elementor-widget-container\">\n\t\t\t<style>\/*! elementor - v3.18.0 - 20-12-2023 *\/\n.elementor-column .elementor-spacer-inner{height:var(--spacer-size)}.e-con{--container-widget-width:100%}.e-con-inner>.elementor-widget-spacer,.e-con>.elementor-widget-spacer{width:var(--container-widget-width,var(--spacer-size));--align-self:var(--container-widget-align-self,initial);--flex-shrink:0}.e-con-inner>.elementor-widget-spacer>.elementor-widget-container,.e-con>.elementor-widget-spacer>.elementor-widget-container{height:100%;width:100%}.e-con-inner>.elementor-widget-spacer>.elementor-widget-container>.elementor-spacer,.e-con>.elementor-widget-spacer>.elementor-widget-container>.elementor-spacer{height:100%}.e-con-inner>.elementor-widget-spacer>.elementor-widget-container>.elementor-spacer>.elementor-spacer-inner,.e-con>.elementor-widget-spacer>.elementor-widget-container>.elementor-spacer>.elementor-spacer-inner{height:var(--container-widget-height,var(--spacer-size))}.e-con-inner>.elementor-widget-spacer.elementor-widget-empty,.e-con>.elementor-widget-spacer.elementor-widget-empty{position:relative;min-height:22px;min-width:22px}.e-con-inner>.elementor-widget-spacer.elementor-widget-empty .elementor-widget-empty-icon,.e-con>.elementor-widget-spacer.elementor-widget-empty .elementor-widget-empty-icon{position:absolute;top:0;bottom:0;left:0;right:0;margin:auto;padding:0;width:22px;height:22px}<\/style>\t\t<div class=\"elementor-spacer\">\n\t\t\t<div class=\"elementor-spacer-inner\"><\/div>\n\t\t<\/div>\n\t\t\t\t<\/div>\n\t\t\t\t<\/div>\n\t\t\t\t\t<\/div>\n\t\t\t\t<\/div>\n\t\t\t\t<section class=\"elementor-section elementor-top-section elementor-element elementor-element-96e18c9 elementor-section-stretched elementor-section-full_width elementor-section-height-default elementor-section-height-default\" data-id=\"96e18c9\" data-element_type=\"section\" data-settings=\"{&quot;stretch_section&quot;:&quot;section-stretched&quot;,&quot;background_background&quot;:&quot;classic&quot;}\">\n\t\t\t\t\t\t<div class=\"elementor-container elementor-column-gap-default\">\n\t\t\t\t\t<div class=\"elementor-column elementor-col-100 elementor-top-column elementor-element elementor-element-23c6f6c\" data-id=\"23c6f6c\" data-element_type=\"column\">\n\t\t\t<div class=\"elementor-widget-wrap elementor-element-populated\">\n\t\t\t\t\t\t\t\t<section class=\"elementor-section elementor-inner-section elementor-element elementor-element-73c92d8 elementor-section-boxed elementor-section-height-default elementor-section-height-default\" data-id=\"73c92d8\" data-element_type=\"section\">\n\t\t\t\t\t\t<div class=\"elementor-container elementor-column-gap-default\">\n\t\t\t\t\t<div class=\"elementor-column elementor-col-33 elementor-inner-column elementor-element elementor-element-ad6a69f elementor-hidden-phone\" data-id=\"ad6a69f\" data-element_type=\"column\">\n\t\t\t<div class=\"elementor-widget-wrap\">\n\t\t\t\t\t\t\t\t\t<\/div>\n\t\t<\/div>\n\t\t\t\t<div class=\"elementor-column elementor-col-33 elementor-inner-column elementor-element elementor-element-89e5f2a\" data-id=\"89e5f2a\" data-element_type=\"column\">\n\t\t\t<div class=\"elementor-widget-wrap elementor-element-populated\">\n\t\t\t\t\t\t\t\t<div class=\"elementor-element elementor-element-287e381 elementor-widget elementor-widget-rs-heading\" data-id=\"287e381\" data-element_type=\"widget\" data-widget_type=\"rs-heading.default\">\n\t\t\t\t<div class=\"elementor-widget-container\">\n\t\t\t        <div class=\"rs-heading default center\">\r\n        \t<div class=\"title-inner\">\r\n        \t\t      \t\t\r\n\t            <h2 class=\"title\"><span class=\"watermark\"><\/span>Our Values<\/h2>\t        <\/div>\r\n\t                <\/div>\r\n\r\n        \t\t<\/div>\n\t\t\t\t<\/div>\n\t\t\t\t\t<\/div>\n\t\t<\/div>\n\t\t\t\t<div class=\"elementor-column elementor-col-33 elementor-inner-column elementor-element elementor-element-4a71a9d elementor-hidden-phone\" data-id=\"4a71a9d\" data-element_type=\"column\">\n\t\t\t<div class=\"elementor-widget-wrap\">\n\t\t\t\t\t\t\t\t\t<\/div>\n\t\t<\/div>\n\t\t\t\t\t\t\t<\/div>\n\t\t<\/section>\n\t\t\t\t<section class=\"elementor-section elementor-inner-section elementor-element elementor-element-ba1721b elementor-section-boxed elementor-section-height-default elementor-section-height-default\" data-id=\"ba1721b\" data-element_type=\"section\">\n\t\t\t\t\t\t<div class=\"elementor-container elementor-column-gap-default\">\n\t\t\t\t\t<div class=\"elementor-column elementor-col-33 elementor-inner-column elementor-element elementor-element-f36ab80\" data-id=\"f36ab80\" data-element_type=\"column\">\n\t\t\t<div class=\"elementor-widget-wrap elementor-element-populated\">\n\t\t\t\t\t\t\t\t<div class=\"elementor-element elementor-element-5d1b2e2 elementor-widget elementor-widget-rs-iconbox\" data-id=\"5d1b2e2\" data-element_type=\"widget\" data-widget_type=\"rs-iconbox.default\">\n\t\t\t\t<div class=\"elementor-widget-container\">\n\t\t\t\t\r\n\t\t<div class=\"rs-iconbox-area\">\r\n\t\t    <div class=\"box-inner\">\r\n\r\n\t\t    \t\r\n\t\t    \t\t\t\t    \t\r\n\t\t\t    \t\t<div class=\"icon-area\">\r\n\t\t\t\t    \t\t\r\n\t\t\t\t    \t\t\t\t\t\t    \t\t\t\t\t\t\t    \t\t\t\t<img decoding=\"async\" src=\"http:\/\/3iexport.com\/wp-content\/uploads\/2023\/12\/Icone-Excellence.png\" alt=\"image\"\/>\r\n\t\t\t\t    \t\t\t\t\t\t\t    \t\t\t\t\t    \t\t<\/div>\r\n\t\t\t    \t  \r\n\t\t    \t \r\n\r\n\t\t\t    <div class=\"text-area\">\r\n\t\t\t    \t\t\t\t\t    \t<div class=\"iconbox-title\">\r\n\t\t\t\t    \t\t\t\r\n\t\t\t\t    \t\t\t\t\t\t\t    \t\t\t\r\n\t\t\t\t    \t\t<h2 class=\"title\"> \r\n\t\t\t\t    \t\t\t\t\t\t    \t\t\tExcellence\t\t\t\t    \t\t\t\t\t\t    \t\t<\/h2>\r\n\r\n\t\t\t\t    \t\t\t\t\t\t    \t\t\r\n\t\t\t\t    \t<\/div>\r\n\r\n\t\t\t    \t\t\r\n\t\t\t    \t\t\t\t    \t\t<p class=\"services-txt\">  We are committed to providing top-quality products and services that meet the highest industry standards.<\/p>\t\r\n\t\t\t    \t\t\r\n\t\t\t    <\/div>\r\n\r\n\t\t\t    \t\t\t            \t    \t    \t    \t\r\n\r\n\r\n\t\t\t    \r\n\t\t\t<\/div>\r\n\t\t<\/div>\t\r\n\t\t\t<\/div>\n\t\t\t\t<\/div>\n\t\t\t\t\t<\/div>\n\t\t<\/div>\n\t\t\t\t<div class=\"elementor-column elementor-col-33 elementor-inner-column elementor-element elementor-element-524b3ff elementor-hidden-phone\" data-id=\"524b3ff\" data-element_type=\"column\">\n\t\t\t<div class=\"elementor-widget-wrap elementor-element-populated\">\n\t\t\t\t\t\t\t\t<div class=\"elementor-element elementor-element-b010c77 elementor-widget elementor-widget-rs-iconbox\" data-id=\"b010c77\" data-element_type=\"widget\" data-widget_type=\"rs-iconbox.default\">\n\t\t\t\t<div class=\"elementor-widget-container\">\n\t\t\t\t\r\n\t\t<div class=\"rs-iconbox-area\">\r\n\t\t    <div class=\"box-inner\">\r\n\r\n\t\t    \t\r\n\t\t    \t\t\t\t    \t\r\n\t\t\t    \t\t<div class=\"icon-area\">\r\n\t\t\t\t    \t\t\r\n\t\t\t\t    \t\t\t\t\t\t    \t\t\t\t\t\t\t    \t\t\t\t<img decoding=\"async\" src=\"http:\/\/3iexport.com\/wp-content\/uploads\/2023\/12\/icone-transparence.png\" alt=\"image\"\/>\r\n\t\t\t\t    \t\t\t\t\t\t\t    \t\t\t\t\t    \t\t<\/div>\r\n\t\t\t    \t  \r\n\t\t    \t \r\n\r\n\t\t\t    <div class=\"text-area\">\r\n\t\t\t    \t\t\t\t\t    \t<div class=\"iconbox-title\">\r\n\t\t\t\t    \t\t\t\r\n\t\t\t\t    \t\t\t\t\t\t\t    \t\t\t\r\n\t\t\t\t    \t\t<h2 class=\"title\"> \r\n\t\t\t\t    \t\t\t\t\t\t    \t\t\tTransparency\t\t\t\t    \t\t\t\t\t\t    \t\t<\/h2>\r\n\r\n\t\t\t\t    \t\t\t\t\t\t    \t\t\r\n\t\t\t\t    \t<\/div>\r\n\r\n\t\t\t    \t\t\r\n\t\t\t    \t\t\t\t    \t\t<p class=\"services-txt\">  We believe in open and honest communication with our customers, partners and employees.<\/p>\t\r\n\t\t\t    \t\t\r\n\t\t\t    <\/div>\r\n\r\n\t\t\t    \t\t\t            \t    \t    \t    \t\r\n\r\n\r\n\t\t\t    \r\n\t\t\t<\/div>\r\n\t\t<\/div>\t\r\n\t\t\t<\/div>\n\t\t\t\t<\/div>\n\t\t\t\t\t<\/div>\n\t\t<\/div>\n\t\t\t\t<div class=\"elementor-column elementor-col-33 elementor-inner-column elementor-element elementor-element-456f1f4 elementor-hidden-phone\" data-id=\"456f1f4\" data-element_type=\"column\">\n\t\t\t<div class=\"elementor-widget-wrap elementor-element-populated\">\n\t\t\t\t\t\t\t\t<div class=\"elementor-element elementor-element-6f16613 elementor-widget elementor-widget-rs-iconbox\" data-id=\"6f16613\" data-element_type=\"widget\" data-widget_type=\"rs-iconbox.default\">\n\t\t\t\t<div class=\"elementor-widget-container\">\n\t\t\t\t\r\n\t\t<div class=\"rs-iconbox-area\">\r\n\t\t    <div class=\"box-inner\">\r\n\r\n\t\t    \t\r\n\t\t    \t\t\t\t    \t\r\n\t\t\t    \t\t<div class=\"icon-area\">\r\n\t\t\t\t    \t\t\r\n\t\t\t\t    \t\t\t\t\t\t    \t\t\t\t\t\t\t    \t\t\t\t<img decoding=\"async\" src=\"http:\/\/3iexport.com\/wp-content\/uploads\/2023\/12\/Icone-Engagement-client.png\" alt=\"image\"\/>\r\n\t\t\t\t    \t\t\t\t\t\t\t    \t\t\t\t\t    \t\t<\/div>\r\n\t\t\t    \t  \r\n\t\t    \t \r\n\r\n\t\t\t    <div class=\"text-area\">\r\n\t\t\t    \t\t\t\t\t    \t<div class=\"iconbox-title\">\r\n\t\t\t\t    \t\t\t\r\n\t\t\t\t    \t\t\t\t\t\t\t    \t\t\t\r\n\t\t\t\t    \t\t<h2 class=\"title\"> \r\n\t\t\t\t    \t\t\t\t\t\t    \t\t\tCustomer commitment\t\t\t\t    \t\t\t\t\t\t    \t\t<\/h2>\r\n\r\n\t\t\t\t    \t\t\t\t\t\t    \t\t\r\n\t\t\t\t    \t<\/div>\r\n\r\n\t\t\t    \t\t\r\n\t\t\t    \t\t\t\t    \t\t<p class=\"services-txt\">  Our priority is satisfy our at every stage\nstep of their journey. We commit to provide customer service and meeting their needs with responsiveness professionalism.<\/p>\t\r\n\t\t\t    \t\t\r\n\t\t\t    <\/div>\r\n\r\n\t\t\t    \t\t\t            \t    \t    \t    \t\r\n\r\n\r\n\t\t\t    \r\n\t\t\t<\/div>\r\n\t\t<\/div>\t\r\n\t\t\t<\/div>\n\t\t\t\t<\/div>\n\t\t\t\t\t<\/div>\n\t\t<\/div>\n\t\t\t\t\t\t\t<\/div>\n\t\t<\/section>\n\t\t\t\t<section class=\"elementor-section elementor-inner-section elementor-element elementor-element-9f74a56 elementor-section-boxed elementor-section-height-default elementor-section-height-default\" data-id=\"9f74a56\" data-element_type=\"section\">\n\t\t\t\t\t\t<div class=\"elementor-container elementor-column-gap-default\">\n\t\t\t\t\t<div class=\"elementor-column elementor-col-25 elementor-inner-column elementor-element elementor-element-4534376 elementor-hidden-phone\" data-id=\"4534376\" data-element_type=\"column\">\n\t\t\t<div class=\"elementor-widget-wrap\">\n\t\t\t\t\t\t\t\t\t<\/div>\n\t\t<\/div>\n\t\t\t\t<div class=\"elementor-column elementor-col-25 elementor-inner-column elementor-element elementor-element-8e3070a elementor-hidden-phone\" data-id=\"8e3070a\" data-element_type=\"column\">\n\t\t\t<div class=\"elementor-widget-wrap elementor-element-populated\">\n\t\t\t\t\t\t\t\t<div class=\"elementor-element elementor-element-d787b03 elementor-widget elementor-widget-rs-iconbox\" data-id=\"d787b03\" data-element_type=\"widget\" data-widget_type=\"rs-iconbox.default\">\n\t\t\t\t<div class=\"elementor-widget-container\">\n\t\t\t\t\r\n\t\t<div class=\"rs-iconbox-area\">\r\n\t\t    <div class=\"box-inner\">\r\n\r\n\t\t    \t\r\n\t\t    \t\t\t\t    \t\r\n\t\t\t    \t\t<div class=\"icon-area\">\r\n\t\t\t\t    \t\t\r\n\t\t\t\t    \t\t\t\t\t\t    \t\t\t\t\t\t\t    \t\t\t\t<img decoding=\"async\" src=\"http:\/\/3iexport.com\/wp-content\/uploads\/2023\/12\/Icone-Responsabilite-sociale-et-environnementale.png\" alt=\"image\"\/>\r\n\t\t\t\t    \t\t\t\t\t\t\t    \t\t\t\t\t    \t\t<\/div>\r\n\t\t\t    \t  \r\n\t\t    \t \r\n\r\n\t\t\t    <div class=\"text-area\">\r\n\t\t\t    \t\t\t\t\t    \t<div class=\"iconbox-title\">\r\n\t\t\t\t    \t\t\t\r\n\t\t\t\t    \t\t\t\t\t\t\t    \t\t\t\r\n\t\t\t\t    \t\t<h2 class=\"title\"> \r\n\t\t\t\t    \t\t\t\t\t\t    \t\t\tSocial and environmental responsibility\t\t\t\t    \t\t\t\t\t\t    \t\t<\/h2>\r\n\r\n\t\t\t\t    \t\t\t\t\t\t    \t\t\r\n\t\t\t\t    \t<\/div>\r\n\r\n\t\t\t    \t\t\r\n\t\t\t    \t\t\t\t    \t\t<p class=\"services-txt\">  Our commitment to sustainability translates into responsible practices to preserve the environment and contribute positively to society.\n<\/p>\t\r\n\t\t\t    \t\t\r\n\t\t\t    <\/div>\r\n\r\n\t\t\t    \t\t\t            \t    \t    \t    \t\r\n\r\n\r\n\t\t\t    \r\n\t\t\t<\/div>\r\n\t\t<\/div>\t\r\n\t\t\t<\/div>\n\t\t\t\t<\/div>\n\t\t\t\t\t<\/div>\n\t\t<\/div>\n\t\t\t\t<div class=\"elementor-column elementor-col-25 elementor-inner-column elementor-element elementor-element-7a3bd84 elementor-hidden-phone\" data-id=\"7a3bd84\" data-element_type=\"column\">\n\t\t\t<div class=\"elementor-widget-wrap elementor-element-populated\">\n\t\t\t\t\t\t\t\t<div class=\"elementor-element elementor-element-96498c7 elementor-widget elementor-widget-rs-iconbox\" data-id=\"96498c7\" data-element_type=\"widget\" data-widget_type=\"rs-iconbox.default\">\n\t\t\t\t<div class=\"elementor-widget-container\">\n\t\t\t\t\r\n\t\t<div class=\"rs-iconbox-area\">\r\n\t\t    <div class=\"box-inner\">\r\n\r\n\t\t    \t\r\n\t\t    \t\t\t\t    \t\r\n\t\t\t    \t\t<div class=\"icon-area\">\r\n\t\t\t\t    \t\t\r\n\t\t\t\t    \t\t\t\t\t\t    \t\t\t\t\t\t\t    \t\t\t\t<img decoding=\"async\" src=\"http:\/\/3iexport.com\/wp-content\/uploads\/2023\/12\/integrite.png\" alt=\"image\"\/>\r\n\t\t\t\t    \t\t\t\t\t\t\t    \t\t\t\t\t    \t\t<\/div>\r\n\t\t\t    \t  \r\n\t\t    \t \r\n\r\n\t\t\t    <div class=\"text-area\">\r\n\t\t\t    \t\t\t\t\t    \t<div class=\"iconbox-title\">\r\n\t\t\t\t    \t\t\t\r\n\t\t\t\t    \t\t\t\t\t\t\t    \t\t\t\r\n\t\t\t\t    \t\t<h2 class=\"title\"> \r\n\t\t\t\t    \t\t\t\t\t\t    \t\t\tIntegrity\t\t\t\t    \t\t\t\t\t\t    \t\t<\/h2>\r\n\r\n\t\t\t\t    \t\t\t\t\t\t    \t\t\r\n\t\t\t\t    \t<\/div>\r\n\r\n\t\t\t    \t\t\r\n\t\t\t    \t\t\t\t    \t\t<p class=\"services-txt\">  We act honestly, ethically and transparently in all our dealings with partners, customers and employees.<\/p>\t\r\n\t\t\t    \t\t\r\n\t\t\t    <\/div>\r\n\r\n\t\t\t    \t\t\t            \t    \t    \t    \t\r\n\r\n\r\n\t\t\t    \r\n\t\t\t<\/div>\r\n\t\t<\/div>\t\r\n\t\t\t<\/div>\n\t\t\t\t<\/div>\n\t\t\t\t\t<\/div>\n\t\t<\/div>\n\t\t\t\t<div class=\"elementor-column elementor-col-25 elementor-inner-column elementor-element elementor-element-cbfd9e4 elementor-hidden-phone\" data-id=\"cbfd9e4\" data-element_type=\"column\">\n\t\t\t<div class=\"elementor-widget-wrap\">\n\t\t\t\t\t\t\t\t\t<\/div>\n\t\t<\/div>\n\t\t\t\t\t\t\t<\/div>\n\t\t<\/section>\n\t\t\t\t\t<\/div>\n\t\t<\/div>\n\t\t\t\t\t\t\t<\/div>\n\t\t<\/section>\n\t\t\t\t<section class=\"elementor-section elementor-top-section elementor-element elementor-element-5a744b9 elementor-section-boxed elementor-section-height-default elementor-section-height-default\" data-id=\"5a744b9\" data-element_type=\"section\">\n\t\t\t\t\t\t<div class=\"elementor-container elementor-column-gap-default\">\n\t\t\t\t\t<div class=\"elementor-column elementor-col-100 elementor-top-column elementor-element elementor-element-2a05bb0\" data-id=\"2a05bb0\" data-element_type=\"column\">\n\t\t\t<div class=\"elementor-widget-wrap elementor-element-populated\">\n\t\t\t\t\t\t\t\t<div class=\"elementor-element elementor-element-f3cd7eb elementor-widget elementor-widget-spacer\" data-id=\"f3cd7eb\" data-element_type=\"widget\" data-widget_type=\"spacer.default\">\n\t\t\t\t<div class=\"elementor-widget-container\">\n\t\t\t\t\t<div class=\"elementor-spacer\">\n\t\t\t<div class=\"elementor-spacer-inner\"><\/div>\n\t\t<\/div>\n\t\t\t\t<\/div>\n\t\t\t\t<\/div>\n\t\t\t\t<section class=\"elementor-section elementor-inner-section elementor-element elementor-element-77ffce8 elementor-section-boxed elementor-section-height-default elementor-section-height-default\" data-id=\"77ffce8\" data-element_type=\"section\">\n\t\t\t\t\t\t<div class=\"elementor-container elementor-column-gap-default\">\n\t\t\t\t\t<div class=\"elementor-column elementor-col-33 elementor-inner-column elementor-element elementor-element-641aafc elementor-hidden-phone\" data-id=\"641aafc\" data-element_type=\"column\">\n\t\t\t<div class=\"elementor-widget-wrap\">\n\t\t\t\t\t\t\t\t\t<\/div>\n\t\t<\/div>\n\t\t\t\t<div class=\"elementor-column elementor-col-33 elementor-inner-column elementor-element elementor-element-bdf2695\" data-id=\"bdf2695\" data-element_type=\"column\">\n\t\t\t<div class=\"elementor-widget-wrap elementor-element-populated\">\n\t\t\t\t\t\t\t\t<div class=\"elementor-element elementor-element-85b16ab elementor-widget elementor-widget-rs-heading\" data-id=\"85b16ab\" data-element_type=\"widget\" data-widget_type=\"rs-heading.default\">\n\t\t\t\t<div class=\"elementor-widget-container\">\n\t\t\t        <div class=\"rs-heading default center\">\r\n        \t<div class=\"title-inner\">\r\n        \t\t      \t\t\r\n\t            <h2 class=\"title\"><span class=\"watermark\"><\/span> Our mission\n<\/h2>\t        <\/div>\r\n\t                <\/div>\r\n\r\n        \t\t<\/div>\n\t\t\t\t<\/div>\n\t\t\t\t\t<\/div>\n\t\t<\/div>\n\t\t\t\t<div class=\"elementor-column elementor-col-33 elementor-inner-column elementor-element elementor-element-6b108aa elementor-hidden-phone\" data-id=\"6b108aa\" data-element_type=\"column\">\n\t\t\t<div class=\"elementor-widget-wrap\">\n\t\t\t\t\t\t\t\t\t<\/div>\n\t\t<\/div>\n\t\t\t\t\t\t\t<\/div>\n\t\t<\/section>\n\t\t\t\t\t<\/div>\n\t\t<\/div>\n\t\t\t\t\t\t\t<\/div>\n\t\t<\/section>\n\t\t<div class=\"elementor-element elementor-element-1e97f58 e-con-full e-flex e-con e-parent\" data-id=\"1e97f58\" data-element_type=\"container\" data-settings=\"{&quot;content_width&quot;:&quot;full&quot;}\" data-core-v316-plus=\"true\">\n\t\t\t\t<div class=\"elementor-element elementor-element-ae9ba60 elementor-widget elementor-widget-text-editor\" data-id=\"ae9ba60\" data-element_type=\"widget\" data-widget_type=\"text-editor.default\">\n\t\t\t\t<div class=\"elementor-widget-container\">\n\t\t\t<style>\/*! elementor - v3.18.0 - 20-12-2023 *\/\n.elementor-widget-text-editor.elementor-drop-cap-view-stacked .elementor-drop-cap{background-color:#69727d;color:#fff}.elementor-widget-text-editor.elementor-drop-cap-view-framed .elementor-drop-cap{color:#69727d;border:3px solid;background-color:transparent}.elementor-widget-text-editor:not(.elementor-drop-cap-view-default) .elementor-drop-cap{margin-top:8px}.elementor-widget-text-editor:not(.elementor-drop-cap-view-default) .elementor-drop-cap-letter{width:1em;height:1em}.elementor-widget-text-editor .elementor-drop-cap{float:left;text-align:center;line-height:1;font-size:50px}.elementor-widget-text-editor .elementor-drop-cap-letter{display:inline-block}<\/style>\t\t\t\t<p>Propulser les march\u00e9s mondiaux avec des produits de premi\u00e8re qualit\u00e9, tout en cultivant des partenariats solides pour garantir une satisfaction client maximale. Notre objectif est de rester un leader incontest\u00e9 du commerce international en maintenant des normes d&#8217;excellence \u00e9lev\u00e9es et en offrant une valeur in\u00e9gal\u00e9e.<\/p>\t\t\t\t\t\t<\/div>\n\t\t\t\t<\/div>\n\t\t\t\t<\/div>\n\t\t\t\t\t\t\t<\/div>","protected":false},"excerpt":{"rendered":"<p>3I EXPORT Une entreprise , d\u00e9di\u00e9e \u00e0 l&#8217;exportation de produits de premi\u00e8re qualit\u00e9. Avec une expertise pointue. Notre r\u00e9putation in\u00e9gal\u00e9e r\u00e9sulte de notre engagement absolu envers l&#8217;excellence. En maintenant des normes \u00e9lev\u00e9es et en entretenant des partenariats solides, nous garantissons la satisfaction de nos clients \u00e0 travers de nombreux pays. Chez 3I Export, la fiabilit\u00e9,&#8230;<\/p>","protected":false},"author":2,"featured_media":0,"parent":0,"menu_order":0,"comment_status":"closed","ping_status":"closed","template":"","meta":{"footnotes":""},"class_list":["post-13888","page","type-page","status-publish","hentry"],"_links":{"self":[{"href":"https:\/\/3iexport.com\/en\/wp-json\/wp\/v2\/pages\/13888","targetHints":{"allow":["GET"]}}],"collection":[{"href":"https:\/\/3iexport.com\/en\/wp-json\/wp\/v2\/pages"}],"about":[{"href":"https:\/\/3iexport.com\/en\/wp-json\/wp\/v2\/types\/page"}],"author":[{"embeddable":true,"href":"https:\/\/3iexport.com\/en\/wp-json\/wp\/v2\/users\/2"}],"replies":[{"embeddable":true,"href":"https:\/\/3iexport.com\/en\/wp-json\/wp\/v2\/comments?post=13888"}],"version-history":[{"count":40,"href":"https:\/\/3iexport.com\/en\/wp-json\/wp\/v2\/pages\/13888\/revisions"}],"predecessor-version":[{"id":14506,"href":"https:\/\/3iexport.com\/en\/wp-json\/wp\/v2\/pages\/13888\/revisions\/14506"}],"wp:attachment":[{"href":"https:\/\/3iexport.com\/en\/wp-json\/wp\/v2\/media?parent=13888"}],"curies":[{"name":"wp","href":"https:\/\/api.w.org\/{rel}","templated":true}]}}